{"id":1273,"date":"2023-10-08T11:25:08","date_gmt":"2023-10-08T09:25:08","guid":{"rendered":"https:\/\/armpgabon.com\/?page_id=1273"},"modified":"2023-10-08T23:45:22","modified_gmt":"2023-10-08T21:45:22","slug":"le-secretaire-permanent","status":"publish","type":"page","link":"http:\/\/armp.ga\/index.php\/le-secretaire-permanent\/","title":{"rendered":"Le Secr\u00e9taire Permanent"},"content":{"rendered":"\t\t<div data-elementor-type=\"wp-page\" data-elementor-id=\"1273\" class=\"elementor elementor-1273\">\n\t\t\t\t\t\t<section class=\"elementor-section elementor-top-section elementor-element elementor-element-27550736 elementor-section-boxed elementor-section-height-default elementor-section-height-default\" data-id=\"27550736\" data-element_type=\"section\" data-settings=\"{&quot;background_background&quot;:&quot;classic&quot;}\">\n\t\t\t\t\t\t\t<div class=\"elementor-background-overlay\"><\/div>\n\t\t\t\t\t\t\t<div class=\"elementor-container elementor-column-gap-no\">\n\t\t\t\t\t<div class=\"elementor-column elementor-col-100 elementor-top-column elementor-element elementor-element-29e9f0c1\" data-id=\"29e9f0c1\" data-element_type=\"column\" data-settings=\"{&quot;background_background&quot;:&quot;classic&quot;}\">\n\t\t\t<div class=\"elementor-widget-wrap\">\n\t\t\t\t\t\t\t<\/div>\n\t\t<\/div>\n\t\t\t\t\t<\/div>\n\t\t<\/section>\n\t\t<div class=\"elementor-element elementor-element-25eb6997 e-flex e-con-boxed e-con e-parent\" data-id=\"25eb6997\" data-element_type=\"container\" data-settings=\"{&quot;content_width&quot;:&quot;boxed&quot;}\" data-core-v316-plus=\"true\">\n\t\t\t\t\t<div class=\"e-con-inner\">\n\t\t\t\t\t<\/div>\n\t\t\t\t<\/div>\n\t\t<div class=\"elementor-element elementor-element-2e618e37 e-flex e-con-boxed e-con e-parent\" data-id=\"2e618e37\" data-element_type=\"container\" data-settings=\"{&quot;content_width&quot;:&quot;boxed&quot;}\" data-core-v316-plus=\"true\">\n\t\t\t\t\t<div class=\"e-con-inner\">\n\t\t\t\t<div class=\"elementor-element elementor-element-50d4de47 elementor-widget elementor-widget-heading\" data-id=\"50d4de47\" data-element_type=\"widget\" data-widget_type=\"heading.default\">\n\t\t\t\t<div class=\"elementor-widget-container\">\n\t\t\t<style>\/*! elementor - v3.19.0 - 07-02-2024 *\/\n.elementor-heading-title{padding:0;margin:0;line-height:1}.elementor-widget-heading .elementor-heading-title[class*=elementor-size-]>a{color:inherit;font-size:inherit;line-height:inherit}.elementor-widget-heading .elementor-heading-title.elementor-size-small{font-size:15px}.elementor-widget-heading .elementor-heading-title.elementor-size-medium{font-size:19px}.elementor-widget-heading .elementor-heading-title.elementor-size-large{font-size:29px}.elementor-widget-heading .elementor-heading-title.elementor-size-xl{font-size:39px}.elementor-widget-heading .elementor-heading-title.elementor-size-xxl{font-size:59px}<\/style><h2 class=\"elementor-heading-title elementor-size-default\">Le Secr\u00e9taire Permanent<\/h2>\t\t<\/div>\n\t\t\t\t<\/div>\n\t\t\t\t\t<\/div>\n\t\t\t\t<\/div>\n\t\t<div class=\"elementor-element elementor-element-3a802cb e-flex e-con-boxed e-con e-parent\" data-id=\"3a802cb\" data-element_type=\"container\" data-settings=\"{&quot;background_background&quot;:&quot;classic&quot;,&quot;content_width&quot;:&quot;boxed&quot;}\" data-core-v316-plus=\"true\">\n\t\t\t\t\t<div class=\"e-con-inner\">\n\t\t\t\t<div class=\"elementor-element elementor-element-dbbaf15 elementor-tabs-view-horizontal elementor-widget elementor-widget-tabs\" data-id=\"dbbaf15\" data-element_type=\"widget\" data-widget_type=\"tabs.default\">\n\t\t\t\t<div class=\"elementor-widget-container\">\n\t\t\t<style>\/*! elementor - v3.19.0 - 07-02-2024 *\/\n.elementor-widget-tabs.elementor-tabs-view-vertical .elementor-tabs-wrapper{width:25%;flex-shrink:0}.elementor-widget-tabs.elementor-tabs-view-vertical .elementor-tab-desktop-title.elementor-active{border-right-style:none}.elementor-widget-tabs.elementor-tabs-view-vertical .elementor-tab-desktop-title.elementor-active:after,.elementor-widget-tabs.elementor-tabs-view-vertical .elementor-tab-desktop-title.elementor-active:before{height:999em;width:0;right:0;border-right-style:solid}.elementor-widget-tabs.elementor-tabs-view-vertical .elementor-tab-desktop-title.elementor-active:before{top:0;transform:translateY(-100%)}.elementor-widget-tabs.elementor-tabs-view-vertical .elementor-tab-desktop-title.elementor-active:after{top:100%}.elementor-widget-tabs.elementor-tabs-view-horizontal .elementor-tab-desktop-title{display:table-cell}.elementor-widget-tabs.elementor-tabs-view-horizontal .elementor-tab-desktop-title.elementor-active{border-bottom-style:none}.elementor-widget-tabs.elementor-tabs-view-horizontal .elementor-tab-desktop-title.elementor-active:after,.elementor-widget-tabs.elementor-tabs-view-horizontal .elementor-tab-desktop-title.elementor-active:before{bottom:0;height:0;width:999em;border-bottom-style:solid}.elementor-widget-tabs.elementor-tabs-view-horizontal .elementor-tab-desktop-title.elementor-active:before{right:100%}.elementor-widget-tabs.elementor-tabs-view-horizontal .elementor-tab-desktop-title.elementor-active:after{left:100%}.elementor-widget-tabs .elementor-tab-content,.elementor-widget-tabs .elementor-tab-title,.elementor-widget-tabs .elementor-tab-title:after,.elementor-widget-tabs .elementor-tab-title:before,.elementor-widget-tabs .elementor-tabs-content-wrapper{border:1px #d5d8dc}.elementor-widget-tabs .elementor-tabs{text-align:left}.elementor-widget-tabs .elementor-tabs-wrapper{overflow:hidden}.elementor-widget-tabs .elementor-tab-title{cursor:pointer;outline:var(--focus-outline,none)}.elementor-widget-tabs .elementor-tab-desktop-title{position:relative;padding:20px 25px;font-weight:700;line-height:1;border:solid transparent}.elementor-widget-tabs .elementor-tab-desktop-title.elementor-active{border-color:#d5d8dc}.elementor-widget-tabs .elementor-tab-desktop-title.elementor-active:after,.elementor-widget-tabs .elementor-tab-desktop-title.elementor-active:before{display:block;content:\"\";position:absolute}.elementor-widget-tabs .elementor-tab-desktop-title:focus-visible{border:1px solid #000}.elementor-widget-tabs .elementor-tab-mobile-title{padding:10px;cursor:pointer}.elementor-widget-tabs .elementor-tab-content{padding:20px;display:none}@media (max-width:767px){.elementor-tabs .elementor-tab-content,.elementor-tabs .elementor-tab-title{border-style:solid solid none}.elementor-tabs .elementor-tabs-wrapper{display:none}.elementor-tabs .elementor-tabs-content-wrapper{border-bottom-style:solid}.elementor-tabs .elementor-tab-content{padding:10px}}@media (min-width:768px){.elementor-widget-tabs.elementor-tabs-view-vertical .elementor-tabs{display:flex}.elementor-widget-tabs.elementor-tabs-view-vertical .elementor-tabs-wrapper{flex-direction:column}.elementor-widget-tabs.elementor-tabs-view-vertical .elementor-tabs-content-wrapper{flex-grow:1;border-style:solid solid solid none}.elementor-widget-tabs.elementor-tabs-view-horizontal .elementor-tab-content{border-style:none solid solid}.elementor-widget-tabs.elementor-tabs-alignment-center .elementor-tabs-wrapper,.elementor-widget-tabs.elementor-tabs-alignment-end .elementor-tabs-wrapper,.elementor-widget-tabs.elementor-tabs-alignment-stretch .elementor-tabs-wrapper{display:flex}.elementor-widget-tabs.elementor-tabs-alignment-center .elementor-tabs-wrapper{justify-content:center}.elementor-widget-tabs.elementor-tabs-alignment-end .elementor-tabs-wrapper{justify-content:flex-end}.elementor-widget-tabs.elementor-tabs-alignment-stretch.elementor-tabs-view-horizontal .elementor-tab-title{width:100%}.elementor-widget-tabs.elementor-tabs-alignment-stretch.elementor-tabs-view-vertical .elementor-tab-title{height:100%}.elementor-tabs .elementor-tab-mobile-title{display:none}}<\/style>\t\t<div class=\"elementor-tabs\">\n\t\t\t<div class=\"elementor-tabs-wrapper\" role=\"tablist\" >\n\t\t\t\t\t\t\t\t\t<div id=\"elementor-tab-title-2301\" class=\"elementor-tab-title elementor-tab-desktop-title\" aria-selected=\"true\" data-tab=\"1\" role=\"tab\" tabindex=\"0\" aria-controls=\"elementor-tab-content-2301\" aria-expanded=\"false\">LE SECRETAIRE PERMANENT<\/div>\n\t\t\t\t\t\t\t<\/div>\n\t\t\t<div class=\"elementor-tabs-content-wrapper\" role=\"tablist\" aria-orientation=\"vertical\">\n\t\t\t\t\t\t\t\t\t<div class=\"elementor-tab-title elementor-tab-mobile-title\" aria-selected=\"true\" data-tab=\"1\" role=\"tab\" tabindex=\"0\" aria-controls=\"elementor-tab-content-2301\" aria-expanded=\"false\">LE SECRETAIRE PERMANENT<\/div>\n\t\t\t\t\t<div id=\"elementor-tab-content-2301\" class=\"elementor-tab-content elementor-clearfix\" data-tab=\"1\" role=\"tabpanel\" aria-labelledby=\"elementor-tab-title-2301\" tabindex=\"0\" hidden=\"false\"><p><img fetchpriority=\"high\" decoding=\"async\" class=\"alignnone size-medium wp-image-1111\" src=\"https:\/\/armpgabon.com\/wp-content\/uploads\/2023\/10\/bastide-ngonga-SP-300x291.png\" alt=\"\" width=\"300\" height=\"291\" srcset=\"http:\/\/armp.ga\/wp-content\/uploads\/2023\/10\/bastide-ngonga-SP-300x291.png 300w, http:\/\/armp.ga\/wp-content\/uploads\/2023\/10\/bastide-ngonga-SP.png 405w\" sizes=\"(max-width: 300px) 100vw, 300px\" \/><\/p><p>Le Secr\u00e9tariat Permanent est l\u2019organe de gestion au quotidien de l\u2019ARMP. Il est plac\u00e9 sous l\u2019autorit\u00e9 d\u2019un Secr\u00e9taire Permanent nomm\u00e9 par d\u00e9cret du Pr\u00e9sident de la R\u00e9publique en Conseil des Ministres sur proposition du ministre charg\u00e9 de march\u00e9s publics parmi les agents publics permanents de premi\u00e8re cat\u00e9gorie justifiant d\u2019une exp\u00e9rience d\u2019au moins 10 ans dans le domaine des march\u00e9s publics.<\/p><p>Sous l\u2019autorit\u00e9 du Pr\u00e9sident du Conseil, le Secr\u00e9taire Permanent est charg\u00e9 de coordonner l\u2019activit\u00e9 de l\u2019ensemble des services, d\u2019ex\u00e9cuter les d\u00e9cisions et les d\u00e9l\u00e9gations de pouvoir du Conseil,\u00a0 de proposer l\u2019organisation des services, de g\u00e9rer les personnels, de pr\u00e9parer le budget.<\/p><\/div>\n\t\t\t\t\t\t\t<\/div>\n\t\t<\/div>\n\t\t\t\t<\/div>\n\t\t\t\t<\/div>\n\t\t\t\t\t<\/div>\n\t\t\t\t<\/div>\n\t\t<div class=\"elementor-element elementor-element-5c8ac188 e-flex e-con-boxed e-con e-parent\" data-id=\"5c8ac188\" data-element_type=\"container\" data-settings=\"{&quot;content_width&quot;:&quot;boxed&quot;}\" data-core-v316-plus=\"true\">\n\t\t\t\t\t<div class=\"e-con-inner\">\n\t\t<div class=\"elementor-element elementor-element-146d088 e-con-full e-flex e-con e-child\" data-id=\"146d088\" data-element_type=\"container\" data-settings=\"{&quot;content_width&quot;:&quot;full&quot;}\">\n\t\t\t\t<div class=\"elementor-element elementor-element-22657f1e elementor-widget elementor-widget-text-editor\" data-id=\"22657f1e\" data-element_type=\"widget\" data-widget_type=\"text-editor.default\">\n\t\t\t\t<div class=\"elementor-widget-container\">\n\t\t\t<style>\/*! elementor - v3.19.0 - 07-02-2024 *\/\n.elementor-widget-text-editor.elementor-drop-cap-view-stacked .elementor-drop-cap{background-color:#69727d;color:#fff}.elementor-widget-text-editor.elementor-drop-cap-view-framed .elementor-drop-cap{color:#69727d;border:3px solid;background-color:transparent}.elementor-widget-text-editor:not(.elementor-drop-cap-view-default) .elementor-drop-cap{margin-top:8px}.elementor-widget-text-editor:not(.elementor-drop-cap-view-default) .elementor-drop-cap-letter{width:1em;height:1em}.elementor-widget-text-editor .elementor-drop-cap{float:left;text-align:center;line-height:1;font-size:50px}.elementor-widget-text-editor .elementor-drop-cap-letter{display:inline-block}<\/style>\t\t\t\t<h3><strong>AGENCE DE REGULATION DES MARCHES PUBLICS<\/strong><\/h3>\n<p>4\u00e8me \u00e9tage, Immeuble ARAMBO<br>Boulevard Triomphal OMAR BONGO ONDIMBA<br>BP 4042, Libreville &#8211; GABON<br>T\u00e9l: +24166275183<\/p>\n<p><strong>Heures d&rsquo;ouverture<\/strong><\/p>\n<p>Lundi 8h &#8211; 15h30<br>Mardi 8h &#8211; 15h30<br>Mercredi 8h &#8211; 15h30<br>Jeudi 8h &#8211; 15h30<br>Vendredi 8h &#8211; 15h30<\/p>\n<p>Tous droits r\u00e9serv\u00e9s \u00a9 Agence de R\u00e9gulation des March\u00e9s Publics. 2023<\/p>\t\t\t\t\t\t<\/div>\n\t\t\t\t<\/div>\n\t\t\t\t<\/div>\n\t\t\t\t<div class=\"elementor-element elementor-element-3c76e9f5 elementor-widget elementor-widget-image\" data-id=\"3c76e9f5\" data-element_type=\"widget\" data-widget_type=\"image.default\">\n\t\t\t\t<div class=\"elementor-widget-container\">\n\t\t\t<style>\/*! elementor - v3.19.0 - 07-02-2024 *\/\n.elementor-widget-image{text-align:center}.elementor-widget-image a{display:inline-block}.elementor-widget-image a img[src$=\".svg\"]{width:48px}.elementor-widget-image img{vertical-align:middle;display:inline-block}<\/style>\t\t\t\t\t\t\t\t\t\t<img decoding=\"async\" width=\"1009\" height=\"719\" src=\"http:\/\/armp.ga\/wp-content\/uploads\/2023\/10\/arambo.png\" class=\"attachment-large size-large wp-image-1112\" alt=\"\" srcset=\"http:\/\/armp.ga\/wp-content\/uploads\/2023\/10\/arambo.png 1009w, http:\/\/armp.ga\/wp-content\/uploads\/2023\/10\/arambo-300x214.png 300w, http:\/\/armp.ga\/wp-content\/uploads\/2023\/10\/arambo-768x547.png 768w\" sizes=\"(max-width: 1009px) 100vw, 1009px\" \/>\t\t\t\t\t\t\t\t\t\t\t\t\t<\/div>\n\t\t\t\t<\/div>\n\t\t\t\t\t<\/div>\n\t\t\t\t<\/div>\n\t\t\t\t<\/div>\n\t\t","protected":false},"excerpt":{"rendered":"<p>Le Secr\u00e9taire Permanent LE SECRETAIRE PERMANENT LE SECRETAIRE PERMANENT Le Secr\u00e9tariat Permanent est l\u2019organe de gestion au quotidien de l\u2019ARMP. Il est plac\u00e9 sous l\u2019autorit\u00e9 d\u2019un Secr\u00e9taire Permanent nomm\u00e9 par d\u00e9cret du Pr\u00e9sident de la R\u00e9publique en Conseil des Ministres sur proposition du ministre charg\u00e9 de march\u00e9s publics parmi les agents publics permanents de premi\u00e8re &hellip;<\/p>\n<p class=\"read-more\"> <a class=\"\" href=\"http:\/\/armp.ga\/index.php\/le-secretaire-permanent\/\"> <span class=\"screen-reader-text\">Le Secr\u00e9taire Permanent<\/span> Lire la suite\u00a0\u00bb<\/a><\/p>\n","protected":false},"author":1,"featured_media":0,"parent":0,"menu_order":0,"comment_status":"closed","ping_status":"closed","template":"","meta":{"site-sidebar-layout":"no-sidebar","site-content-layout":"page-builder","ast-site-content-layout":"full-width-container","site-content-style":"default","site-sidebar-style":"default","ast-global-header-display":"","ast-banner-title-visibility":"","ast-main-header-display":"","ast-hfb-above-header-display":"","ast-hfb-below-header-display":"","ast-hfb-mobile-header-display":"","site-post-title":"disabled","ast-breadcrumbs-content":"","ast-featured-img":"disabled","footer-sml-layout":"","theme-transparent-header-meta":"","adv-header-id-meta":"","stick-header-meta":"","header-above-stick-meta":"","header-main-stick-meta":"","header-below-stick-meta":"","astra-migrate-meta-layouts":"","footnotes":""},"_links":{"self":[{"href":"http:\/\/armp.ga\/index.php\/wp-json\/wp\/v2\/pages\/1273"}],"collection":[{"href":"http:\/\/armp.ga\/index.php\/wp-json\/wp\/v2\/pages"}],"about":[{"href":"http:\/\/armp.ga\/index.php\/wp-json\/wp\/v2\/types\/page"}],"author":[{"embeddable":true,"href":"http:\/\/armp.ga\/index.php\/wp-json\/wp\/v2\/users\/1"}],"replies":[{"embeddable":true,"href":"http:\/\/armp.ga\/index.php\/wp-json\/wp\/v2\/comments?post=1273"}],"version-history":[{"count":13,"href":"http:\/\/armp.ga\/index.php\/wp-json\/wp\/v2\/pages\/1273\/revisions"}],"predecessor-version":[{"id":1700,"href":"http:\/\/armp.ga\/index.php\/wp-json\/wp\/v2\/pages\/1273\/revisions\/1700"}],"wp:attachment":[{"href":"http:\/\/armp.ga\/index.php\/wp-json\/wp\/v2\/media?parent=1273"}],"curies":[{"name":"wp","href":"https:\/\/api.w.org\/{rel}","templated":true}]}}